{"id":41,"date":"2019-02-24T22:05:44","date_gmt":"2019-02-24T22:05:44","guid":{"rendered":"http:\/\/peorg-consult.com\/?page_id=41"},"modified":"2019-07-09T15:40:50","modified_gmt":"2019-07-09T15:40:50","slug":"training","status":"publish","type":"page","link":"https:\/\/peorg-consult.com\/de\/solutions\/training\/","title":{"rendered":"Training"},"content":{"rendered":"\n<h2 class=\"title\">Schulungen: Das volle Potential Ihres Unternehmens Aussch\u00f6pfen<\/h2>\n<p class=\"center\">Es ist unsere Priorit\u00e4t, Sie beim Identifizieren und Definieren von Trainingsbedarfe zu unterst\u00fctzen, um Ihr Unternehmen zu Wachstum und Erfolg zu verhelfen.<\/p>\n<br>\n<p class=\"center\">In Zusammenarbeit mit Ihnen entwickeln wir f\u00fcr Sie ein ma\u00dfgeschneidertes Programm, das die F\u00e4higkeiten Ihrer Mitarbeiter sch\u00e4rft und trainiert, ihr schlummerndes Potential weckt und ihre Verhaltensmuster \u00e4ndert und\/oder anpasst.<\/p>\n<p class=\"center\">\nWir haben keine einheitlichen Trainingsprogramme f\u00fcr F\u00fchrungskr\u00e4fte, sondern orientieren uns an den genauen Bed\u00fcrfnissen Ihres Unternehmens.\n<\/p><div class=\"flex4\"><a href=\"https:\/\/peorg-consult.com\/de\/solutions\/coaching\/\"><img class=\"bubble12\" src=\"https:\/\/peorg-consult.com\/wp-content\/uploads\/coaching.png\" alt=\"\"><\/a><br>\n<a href=\"https:\/\/peorg-consult.com\/de\/solutions\/talent-management\/\"><img class=\"bubble13\" src=\"https:\/\/peorg-consult.com\/wp-content\/uploads\/H.R.png\" alt=\"\"><\/a><br>\n<a href=\"https:\/\/peorg-consult.com\/de\/solutions\/intercultural-management\/\"><img class=\"bubble14\" src=\"https:\/\/peorg-consult.com\/wp-content\/uploads\/T.R.png\" alt=\"\"><\/a><\/div>\n<div class=\"flex1\">\n<div class=\"fuwafuwa5 \"><img class=\"bubble5\" src=\"https:\/\/peorg-consult.com\/wp-content\/uploads\/blank.png\" alt=\"\"><\/div>\n<div class=\"fuwafuwa6\"><img class=\"bubble6\" src=\"https:\/\/peorg-consult.com\/wp-content\/uploads\/blank.png\" alt=\"\"><\/div>\n<\/div><\/h2>\n","protected":false},"excerpt":{"rendered":"<p>Schulungen: Das volle Potential Ihres Unternehmens Aussch\u00f6pfen Es ist unsere Priorit\u00e4t, Sie beim Identifizieren und Definieren von Trainingsbedarfe zu unterst\u00fctzen, um Ihr Unternehmen zu Wachstum und Erfolg zu verhelfen. In Zusammenarbeit mit Ihnen entwickeln wir f\u00fcr Sie ein ma\u00dfgeschneidertes Programm,<span class=\"ellipsis\">&hellip;<\/span><\/p>\n<div class=\"read-more\"><a href=\"https:\/\/peorg-consult.com\/de\/solutions\/training\/\">Read more <span class=\"screen-reader-text\">Training<\/span><span class=\"meta-nav\"> &#8250;<\/span><\/a><\/div>\n<p><!-- end of .read-more --><\/p>\n<div class=\"read-more\"><a href=\"https:\/\/peorg-consult.com\/de\/solutions\/training\/\">Read more <span class=\"screen-reader-text\">Training<\/span><span class=\"meta-nav\"> &#8250;<\/span><\/a><\/div>\n<p><!-- end of .read-more --><\/p>\n","protected":false},"author":1,"featured_media":0,"parent":23,"menu_order":1,"comment_status":"closed","ping_status":"closed","template":"page-templates\/content-sidebar-page.php","meta":[],"yoast_head":"<!-- This site is optimized with the Yoast SEO plugin v19.9 - https:\/\/yoast.com\/wordpress\/plugins\/seo\/ -->\n<title>Training - PeORG<\/title>\n<meta name=\"description\" content=\"People in Organisationen: PeORG Consult f\u00fchrt Schulungen f\u00fcr F\u00fchrungskr\u00e4fte in Polen, Deutschland und Portugal in polnisch, deutsch und englisch.\" \/>\n<meta name=\"robots\" content=\"index, follow, max-snippet:-1, max-image-preview:large, max-video-preview:-1\" \/>\n<link rel=\"canonical\" href=\"https:\/\/peorg-consult.com\/de\/solutions\/training\/\" \/>\n<meta property=\"og:locale\" content=\"en_US\" \/>\n<meta property=\"og:type\" content=\"article\" \/>\n<meta property=\"og:title\" content=\"Training - PeORG\" \/>\n<meta property=\"og:description\" content=\"People in Organisationen: PeORG Consult f\u00fchrt Schulungen f\u00fcr F\u00fchrungskr\u00e4fte in Polen, Deutschland und Portugal in polnisch, deutsch und englisch.\" \/>\n<meta property=\"og:url\" content=\"https:\/\/peorg-consult.com\/de\/solutions\/training\/\" \/>\n<meta property=\"og:site_name\" content=\"PeORG\" \/>\n<meta property=\"article:modified_time\" content=\"2019-07-09T15:40:50+00:00\" \/>\n<meta property=\"og:image\" content=\"https:\/\/peorg-consult.com\/wp-content\/uploads\/coaching.png\" \/>\n<meta name=\"twitter:card\" content=\"summary_large_image\" \/>\n<script type=\"application\/ld+json\" class=\"yoast-schema-graph\">{\"@context\":\"https:\/\/schema.org\",\"@graph\":[{\"@type\":\"WebPage\",\"@id\":\"https:\/\/peorg-consult.com\/de\/solutions\/training\/\",\"url\":\"https:\/\/peorg-consult.com\/de\/solutions\/training\/\",\"name\":\"Training - PeORG\",\"isPartOf\":{\"@id\":\"https:\/\/peorg-consult.com\/de\/#website\"},\"datePublished\":\"2019-02-24T22:05:44+00:00\",\"dateModified\":\"2019-07-09T15:40:50+00:00\",\"description\":\"People in Organisationen: PeORG Consult f\u00fchrt Schulungen f\u00fcr F\u00fchrungskr\u00e4fte in Polen, Deutschland und Portugal in polnisch, deutsch und englisch.\",\"breadcrumb\":{\"@id\":\"https:\/\/peorg-consult.com\/de\/solutions\/training\/#breadcrumb\"},\"inLanguage\":\"en-US\",\"potentialAction\":[{\"@type\":\"ReadAction\",\"target\":[\"https:\/\/peorg-consult.com\/de\/solutions\/training\/\"]}]},{\"@type\":\"BreadcrumbList\",\"@id\":\"https:\/\/peorg-consult.com\/de\/solutions\/training\/#breadcrumb\",\"itemListElement\":[{\"@type\":\"ListItem\",\"position\":1,\"name\":\"Home\",\"item\":\"https:\/\/peorg-consult.com\/de\/\"},{\"@type\":\"ListItem\",\"position\":2,\"name\":\"SOLUTIONS\",\"item\":\"https:\/\/peorg-consult.com\/de\/solutions\/\"},{\"@type\":\"ListItem\",\"position\":3,\"name\":\"Training\"}]},{\"@type\":\"WebSite\",\"@id\":\"https:\/\/peorg-consult.com\/de\/#website\",\"url\":\"https:\/\/peorg-consult.com\/de\/\",\"name\":\"PeORG\",\"description\":\"PEOPLE IN ORGANISATIONS\",\"potentialAction\":[{\"@type\":\"SearchAction\",\"target\":{\"@type\":\"EntryPoint\",\"urlTemplate\":\"https:\/\/peorg-consult.com\/de\/?s={search_term_string}\"},\"query-input\":\"required name=search_term_string\"}],\"inLanguage\":\"en-US\"}]}<\/script>\n<!-- \/ Yoast SEO plugin. -->","yoast_head_json":{"title":"Training - PeORG","description":"People in Organisationen: PeORG Consult f\u00fchrt Schulungen f\u00fcr F\u00fchrungskr\u00e4fte in Polen, Deutschland und Portugal in polnisch, deutsch und englisch.","robots":{"index":"index","follow":"follow","max-snippet":"max-snippet:-1","max-image-preview":"max-image-preview:large","max-video-preview":"max-video-preview:-1"},"canonical":"https:\/\/peorg-consult.com\/de\/solutions\/training\/","og_locale":"en_US","og_type":"article","og_title":"Training - PeORG","og_description":"People in Organisationen: PeORG Consult f\u00fchrt Schulungen f\u00fcr F\u00fchrungskr\u00e4fte in Polen, Deutschland und Portugal in polnisch, deutsch und englisch.","og_url":"https:\/\/peorg-consult.com\/de\/solutions\/training\/","og_site_name":"PeORG","article_modified_time":"2019-07-09T15:40:50+00:00","og_image":[{"url":"https:\/\/peorg-consult.com\/wp-content\/uploads\/coaching.png"}],"twitter_card":"summary_large_image","schema":{"@context":"https:\/\/schema.org","@graph":[{"@type":"WebPage","@id":"https:\/\/peorg-consult.com\/de\/solutions\/training\/","url":"https:\/\/peorg-consult.com\/de\/solutions\/training\/","name":"Training - PeORG","isPartOf":{"@id":"https:\/\/peorg-consult.com\/de\/#website"},"datePublished":"2019-02-24T22:05:44+00:00","dateModified":"2019-07-09T15:40:50+00:00","description":"People in Organisationen: PeORG Consult f\u00fchrt Schulungen f\u00fcr F\u00fchrungskr\u00e4fte in Polen, Deutschland und Portugal in polnisch, deutsch und englisch.","breadcrumb":{"@id":"https:\/\/peorg-consult.com\/de\/solutions\/training\/#breadcrumb"},"inLanguage":"en-US","potentialAction":[{"@type":"ReadAction","target":["https:\/\/peorg-consult.com\/de\/solutions\/training\/"]}]},{"@type":"BreadcrumbList","@id":"https:\/\/peorg-consult.com\/de\/solutions\/training\/#breadcrumb","itemListElement":[{"@type":"ListItem","position":1,"name":"Home","item":"https:\/\/peorg-consult.com\/de\/"},{"@type":"ListItem","position":2,"name":"SOLUTIONS","item":"https:\/\/peorg-consult.com\/de\/solutions\/"},{"@type":"ListItem","position":3,"name":"Training"}]},{"@type":"WebSite","@id":"https:\/\/peorg-consult.com\/de\/#website","url":"https:\/\/peorg-consult.com\/de\/","name":"PeORG","description":"PEOPLE IN ORGANISATIONS","potentialAction":[{"@type":"SearchAction","target":{"@type":"EntryPoint","urlTemplate":"https:\/\/peorg-consult.com\/de\/?s={search_term_string}"},"query-input":"required name=search_term_string"}],"inLanguage":"en-US"}]}},"_links":{"self":[{"href":"https:\/\/peorg-consult.com\/de\/wp-json\/wp\/v2\/pages\/41"}],"collection":[{"href":"https:\/\/peorg-consult.com\/de\/wp-json\/wp\/v2\/pages"}],"about":[{"href":"https:\/\/peorg-consult.com\/de\/wp-json\/wp\/v2\/types\/page"}],"author":[{"embeddable":true,"href":"https:\/\/peorg-consult.com\/de\/wp-json\/wp\/v2\/users\/1"}],"replies":[{"embeddable":true,"href":"https:\/\/peorg-consult.com\/de\/wp-json\/wp\/v2\/comments?post=41"}],"version-history":[{"count":18,"href":"https:\/\/peorg-consult.com\/de\/wp-json\/wp\/v2\/pages\/41\/revisions"}],"predecessor-version":[{"id":208,"href":"https:\/\/peorg-consult.com\/de\/wp-json\/wp\/v2\/pages\/41\/revisions\/208"}],"up":[{"embeddable":true,"href":"https:\/\/peorg-consult.com\/de\/wp-json\/wp\/v2\/pages\/23"}],"wp:attachment":[{"href":"https:\/\/peorg-consult.com\/de\/wp-json\/wp\/v2\/media?parent=41"}],"curies":[{"name":"wp","href":"https:\/\/api.w.org\/{rel}","templated":true}]}}