{"id":43,"date":"2019-02-24T22:06:24","date_gmt":"2019-02-24T22:06:24","guid":{"rendered":"http:\/\/peorg-consult.com\/?page_id=43"},"modified":"2020-02-28T14:05:39","modified_gmt":"2020-02-28T14:05:39","slug":"intercultural-management","status":"publish","type":"page","link":"https:\/\/peorg-consult.com\/de\/solutions\/intercultural-management\/","title":{"rendered":"Intercultural Management"},"content":{"rendered":"<h2 class=\"title\">Intercultural Management: Interkulturelle Kompetenzen nutzen<\/h2>\n<p class=\"center\">Globalisierung ist heutzutage Teil des Gesch\u00e4fts. Sie haben vielleicht Unternehmen auf der ganzen Welt und Mitarbeiter aus unterschiedlichen Kulturen, was Ihnen die M\u00f6glichkeit gibt, ein diverses Team mit unterschiedlichen Talenten zusammenzustellen.<\/p>\n<p>PeORG gibt Ihren Mitarbeitern die n\u00f6tigen Mittel, interkulturelle Probleme zu \u00fcberwinden und Diversit\u00e4t als Chance und nicht als Hindernis zu betrachten.<\/p>\n<p class=\"center\">Ihr Unternehmen kann st\u00e4rker und lebensf\u00e4higer werden, wenn wir mit Ihren Mitarbeitern zusammenarbeiten, Ihre kulturellen Unterschiede in die Unternehmenskultur miteinflie\u00dfen lassen und all Ihre St\u00e4rken zum Vorschein bringen.<\/p>\n<p class=\"center\">Wir bieten alles von interkulturellen Trainings und Entwicklungsprogrammen bis hin zu hilfreichen Vorschl\u00e4gen bez\u00fcglich effektiver Herangehensweisen an globale Ver\u00e4nderungen an.<\/p>\n<div class=\"flex4\"><a href=\"https:\/\/peorg-consult.com\/de\/solutions\/training\/\"><img class=\"bubble11\" src=\"https:\/\/peorg-consult.com\/wp-content\/uploads\/TRAINING.png\" alt=\"\" \/><\/a><br \/>\n<a href=\"https:\/\/peorg-consult.com\/de\/solutions\/coaching\/\"><img class=\"bubble12\" src=\"https:\/\/peorg-consult.com\/wp-content\/uploads\/coaching.png\" alt=\"\" \/><\/a><br \/>\n<a href=\"https:\/\/peorg-consult.com\/de\/solutions\/talent-management\/\"><img class=\"bubble13\" src=\"https:\/\/peorg-consult.com\/wp-content\/uploads\/T.R.png\" alt=\"\" \/><\/a><\/div>\n<div class=\"flex1\">\n<div class=\"fuwafuwa5 \"><img class=\"bubble5\" src=\"https:\/\/peorg-consult.com\/wp-content\/uploads\/blank.png\" alt=\"\" \/><\/div>\n<div class=\"fuwafuwa6\"><img class=\"bubble6\" src=\"https:\/\/peorg-consult.com\/wp-content\/uploads\/blank.png\" alt=\"\" \/><\/div>\n<\/div>\n","protected":false},"excerpt":{"rendered":"<p>Intercultural Management: Interkulturelle Kompetenzen nutzen Globalisierung ist heutzutage Teil des Gesch\u00e4fts. Sie haben vielleicht Unternehmen auf der ganzen Welt und Mitarbeiter aus unterschiedlichen Kulturen, was Ihnen die M\u00f6glichkeit gibt, ein diverses Team mit unterschiedlichen Talenten zusammenzustellen. PeORG gibt Ihren Mitarbeitern<span class=\"ellipsis\">&hellip;<\/span><\/p>\n<div class=\"read-more\"><a href=\"https:\/\/peorg-consult.com\/de\/solutions\/intercultural-management\/\">Read more <span class=\"screen-reader-text\">Intercultural Management<\/span><span class=\"meta-nav\"> &#8250;<\/span><\/a><\/div>\n<p><!-- end of .read-more --><\/p>\n<div class=\"read-more\"><a href=\"https:\/\/peorg-consult.com\/de\/solutions\/intercultural-management\/\">Read more <span class=\"screen-reader-text\">Intercultural Management<\/span><span class=\"meta-nav\"> &#8250;<\/span><\/a><\/div>\n<p><!-- end of .read-more --><\/p>\n","protected":false},"author":1,"featured_media":0,"parent":23,"menu_order":3,"comment_status":"closed","ping_status":"closed","template":"page-templates\/content-sidebar-page.php","meta":[],"yoast_head":"<!-- This site is optimized with the Yoast SEO plugin v19.9 - https:\/\/yoast.com\/wordpress\/plugins\/seo\/ -->\n<title>Intercultural Management - PeORG<\/title>\n<meta name=\"description\" content=\"People in Organisationen: PeORG Consult unterst\u00fctzt Ihr Unternehmen bei allen Fragen bez\u00fcglich interkultureller Kompetenzen Ihrer Mitarbeiter.\" \/>\n<meta name=\"robots\" content=\"index, follow, max-snippet:-1, max-image-preview:large, max-video-preview:-1\" \/>\n<link rel=\"canonical\" href=\"https:\/\/peorg-consult.com\/de\/solutions\/intercultural-management\/\" \/>\n<meta property=\"og:locale\" content=\"en_US\" \/>\n<meta property=\"og:type\" content=\"article\" \/>\n<meta property=\"og:title\" content=\"Intercultural Management - PeORG\" \/>\n<meta property=\"og:description\" content=\"People in Organisationen: PeORG Consult unterst\u00fctzt Ihr Unternehmen bei allen Fragen bez\u00fcglich interkultureller Kompetenzen Ihrer Mitarbeiter.\" \/>\n<meta property=\"og:url\" content=\"https:\/\/peorg-consult.com\/de\/solutions\/intercultural-management\/\" \/>\n<meta property=\"og:site_name\" content=\"PeORG\" \/>\n<meta property=\"article:modified_time\" content=\"2020-02-28T14:05:39+00:00\" \/>\n<meta property=\"og:image\" content=\"https:\/\/peorg-consult.com\/wp-content\/uploads\/TRAINING.png\" \/>\n<meta name=\"twitter:card\" content=\"summary_large_image\" \/>\n<meta name=\"twitter:label1\" content=\"Est. reading time\" \/>\n\t<meta name=\"twitter:data1\" content=\"1 minute\" \/>\n<script type=\"application\/ld+json\" class=\"yoast-schema-graph\">{\"@context\":\"https:\/\/schema.org\",\"@graph\":[{\"@type\":\"WebPage\",\"@id\":\"https:\/\/peorg-consult.com\/de\/solutions\/intercultural-management\/\",\"url\":\"https:\/\/peorg-consult.com\/de\/solutions\/intercultural-management\/\",\"name\":\"Intercultural Management - PeORG\",\"isPartOf\":{\"@id\":\"https:\/\/peorg-consult.com\/de\/#website\"},\"datePublished\":\"2019-02-24T22:06:24+00:00\",\"dateModified\":\"2020-02-28T14:05:39+00:00\",\"description\":\"People in Organisationen: PeORG Consult unterst\u00fctzt Ihr Unternehmen bei allen Fragen bez\u00fcglich interkultureller Kompetenzen Ihrer Mitarbeiter.\",\"breadcrumb\":{\"@id\":\"https:\/\/peorg-consult.com\/de\/solutions\/intercultural-management\/#breadcrumb\"},\"inLanguage\":\"en-US\",\"potentialAction\":[{\"@type\":\"ReadAction\",\"target\":[\"https:\/\/peorg-consult.com\/de\/solutions\/intercultural-management\/\"]}]},{\"@type\":\"BreadcrumbList\",\"@id\":\"https:\/\/peorg-consult.com\/de\/solutions\/intercultural-management\/#breadcrumb\",\"itemListElement\":[{\"@type\":\"ListItem\",\"position\":1,\"name\":\"Home\",\"item\":\"https:\/\/peorg-consult.com\/de\/\"},{\"@type\":\"ListItem\",\"position\":2,\"name\":\"SOLUTIONS\",\"item\":\"https:\/\/peorg-consult.com\/de\/solutions\/\"},{\"@type\":\"ListItem\",\"position\":3,\"name\":\"Intercultural Management\"}]},{\"@type\":\"WebSite\",\"@id\":\"https:\/\/peorg-consult.com\/de\/#website\",\"url\":\"https:\/\/peorg-consult.com\/de\/\",\"name\":\"PeORG\",\"description\":\"PEOPLE IN ORGANISATIONS\",\"potentialAction\":[{\"@type\":\"SearchAction\",\"target\":{\"@type\":\"EntryPoint\",\"urlTemplate\":\"https:\/\/peorg-consult.com\/de\/?s={search_term_string}\"},\"query-input\":\"required name=search_term_string\"}],\"inLanguage\":\"en-US\"}]}<\/script>\n<!-- \/ Yoast SEO plugin. -->","yoast_head_json":{"title":"Intercultural Management - PeORG","description":"People in Organisationen: PeORG Consult unterst\u00fctzt Ihr Unternehmen bei allen Fragen bez\u00fcglich interkultureller Kompetenzen Ihrer Mitarbeiter.","robots":{"index":"index","follow":"follow","max-snippet":"max-snippet:-1","max-image-preview":"max-image-preview:large","max-video-preview":"max-video-preview:-1"},"canonical":"https:\/\/peorg-consult.com\/de\/solutions\/intercultural-management\/","og_locale":"en_US","og_type":"article","og_title":"Intercultural Management - PeORG","og_description":"People in Organisationen: PeORG Consult unterst\u00fctzt Ihr Unternehmen bei allen Fragen bez\u00fcglich interkultureller Kompetenzen Ihrer Mitarbeiter.","og_url":"https:\/\/peorg-consult.com\/de\/solutions\/intercultural-management\/","og_site_name":"PeORG","article_modified_time":"2020-02-28T14:05:39+00:00","og_image":[{"url":"https:\/\/peorg-consult.com\/wp-content\/uploads\/TRAINING.png"}],"twitter_card":"summary_large_image","twitter_misc":{"Est. reading time":"1 minute"},"schema":{"@context":"https:\/\/schema.org","@graph":[{"@type":"WebPage","@id":"https:\/\/peorg-consult.com\/de\/solutions\/intercultural-management\/","url":"https:\/\/peorg-consult.com\/de\/solutions\/intercultural-management\/","name":"Intercultural Management - PeORG","isPartOf":{"@id":"https:\/\/peorg-consult.com\/de\/#website"},"datePublished":"2019-02-24T22:06:24+00:00","dateModified":"2020-02-28T14:05:39+00:00","description":"People in Organisationen: PeORG Consult unterst\u00fctzt Ihr Unternehmen bei allen Fragen bez\u00fcglich interkultureller Kompetenzen Ihrer Mitarbeiter.","breadcrumb":{"@id":"https:\/\/peorg-consult.com\/de\/solutions\/intercultural-management\/#breadcrumb"},"inLanguage":"en-US","potentialAction":[{"@type":"ReadAction","target":["https:\/\/peorg-consult.com\/de\/solutions\/intercultural-management\/"]}]},{"@type":"BreadcrumbList","@id":"https:\/\/peorg-consult.com\/de\/solutions\/intercultural-management\/#breadcrumb","itemListElement":[{"@type":"ListItem","position":1,"name":"Home","item":"https:\/\/peorg-consult.com\/de\/"},{"@type":"ListItem","position":2,"name":"SOLUTIONS","item":"https:\/\/peorg-consult.com\/de\/solutions\/"},{"@type":"ListItem","position":3,"name":"Intercultural Management"}]},{"@type":"WebSite","@id":"https:\/\/peorg-consult.com\/de\/#website","url":"https:\/\/peorg-consult.com\/de\/","name":"PeORG","description":"PEOPLE IN ORGANISATIONS","potentialAction":[{"@type":"SearchAction","target":{"@type":"EntryPoint","urlTemplate":"https:\/\/peorg-consult.com\/de\/?s={search_term_string}"},"query-input":"required name=search_term_string"}],"inLanguage":"en-US"}]}},"_links":{"self":[{"href":"https:\/\/peorg-consult.com\/de\/wp-json\/wp\/v2\/pages\/43"}],"collection":[{"href":"https:\/\/peorg-consult.com\/de\/wp-json\/wp\/v2\/pages"}],"about":[{"href":"https:\/\/peorg-consult.com\/de\/wp-json\/wp\/v2\/types\/page"}],"author":[{"embeddable":true,"href":"https:\/\/peorg-consult.com\/de\/wp-json\/wp\/v2\/users\/1"}],"replies":[{"embeddable":true,"href":"https:\/\/peorg-consult.com\/de\/wp-json\/wp\/v2\/comments?post=43"}],"version-history":[{"count":14,"href":"https:\/\/peorg-consult.com\/de\/wp-json\/wp\/v2\/pages\/43\/revisions"}],"predecessor-version":[{"id":324,"href":"https:\/\/peorg-consult.com\/de\/wp-json\/wp\/v2\/pages\/43\/revisions\/324"}],"up":[{"embeddable":true,"href":"https:\/\/peorg-consult.com\/de\/wp-json\/wp\/v2\/pages\/23"}],"wp:attachment":[{"href":"https:\/\/peorg-consult.com\/de\/wp-json\/wp\/v2\/media?parent=43"}],"curies":[{"name":"wp","href":"https:\/\/api.w.org\/{rel}","templated":true}]}}