{"id":45,"date":"2019-02-24T22:06:48","date_gmt":"2019-02-24T22:06:48","guid":{"rendered":"http:\/\/peorg-consult.com\/?page_id=45"},"modified":"2019-09-23T14:07:31","modified_gmt":"2019-09-23T14:07:31","slug":"talent-management","status":"publish","type":"page","link":"https:\/\/peorg-consult.com\/pl\/solutions\/talent-management\/","title":{"rendered":"Talent Management"},"content":{"rendered":"<h2 class=\"title\">Zarz\u0105dzanie talentem: aby Twoje umiej\u0119tno\u015bci sta\u0142y si\u0119 atutami ca\u0142ej firmy!<\/h2>\n<p class=\"center\">Kluczowym czynnikiem w rozwoju ka\u017cdej firmy jest posiadanie planu i wizji dotycz\u0105cej przysz\u0142o\u015bci.<br \/>\nW tym aspekcie szczeg\u00f3lnie du\u017c\u0105 rol\u0119 odgrywa perspektywiczna oraz utalentowana kadra.<br \/>\nI to w\u0142a\u015bnie tutaj zaczyna si\u0119 nasze zadanie&#8230;<\/p>\n<p class=\"center\">Jednym z element\u00f3w naszej oferty jest indywidualne wspieranie przedsi\u0119biorc\u00f3w oraz menad\u017cer\u00f3w w procesie w\u0142asnego rozwoju.<br \/>\nSprawdzone instrumenty oceny pozwol\u0105 Ci zidentyfikowa\u0107 i wykorzysta\u0107 Twoje najmocniejsze strony.<\/p>\n<p class=\"center\">W ten spos\u00f3b zyskasz pewno\u015b\u0107, \u017ce Tw\u00f3j wk\u0142ad w rozw\u00f3j firmy b\u0119dzie jeszcze wi\u0119kszy!<\/p>\n<div class=\"flex4\">\n<a href=\"https:\/\/peorg-consult.com\/pl\/solutions\/training\/\"><img src=\"https:\/\/peorg-consult.com\/wp-content\/uploads\/TRAINING.png\" alt=\"\" class=\"bubble11\"><\/a><br \/>\n<a href=\"https:\/\/peorg-consult.com\/pl\/solutions\/coaching\/\"><img src=\"https:\/\/peorg-consult.com\/wp-content\/uploads\/coaching.png\" alt=\"\" class=\"bubble12\"><\/a><br \/>\n<a href=\"https:\/\/peorg-consult.com\/pl\/solutions\/intercultural-management\/\"><img src=\"https:\/\/peorg-consult.com\/wp-content\/uploads\/H.R.png\" alt=\"\" class=\"bubble14\"><\/a><\/div>\n<div class=\"flex1\">\n<div class=\"fuwafuwa5 \"><img class=\"bubble5\" src=\"https:\/\/peorg-consult.com\/wp-content\/uploads\/blank.png\" alt=\"\"><\/div>\n<div class=\"fuwafuwa6\"><img class=\"bubble6\" src=\"https:\/\/peorg-consult.com\/wp-content\/uploads\/blank.png\" alt=\"\"><\/div>\n<\/div>\n","protected":false},"excerpt":{"rendered":"<p>Zarz\u0105dzanie talentem: aby Twoje umiej\u0119tno\u015bci sta\u0142y si\u0119 atutami ca\u0142ej firmy! Kluczowym czynnikiem w rozwoju ka\u017cdej firmy jest posiadanie planu i wizji dotycz\u0105cej przysz\u0142o\u015bci. W tym aspekcie szczeg\u00f3lnie du\u017c\u0105 rol\u0119 odgrywa perspektywiczna oraz utalentowana kadra. I to w\u0142a\u015bnie tutaj zaczyna si\u0119<span class=\"ellipsis\">&hellip;<\/span><\/p>\n<div class=\"read-more\"><a href=\"https:\/\/peorg-consult.com\/pl\/solutions\/talent-management\/\">Read more <span class=\"screen-reader-text\">Talent Management<\/span><span class=\"meta-nav\"> &#8250;<\/span><\/a><\/div>\n<p><!-- end of .read-more --><\/p>\n<div class=\"read-more\"><a href=\"https:\/\/peorg-consult.com\/pl\/solutions\/talent-management\/\">Read more <span class=\"screen-reader-text\">Talent Management<\/span><span class=\"meta-nav\"> &#8250;<\/span><\/a><\/div>\n<p><!-- end of .read-more --><\/p>\n","protected":false},"author":1,"featured_media":0,"parent":23,"menu_order":4,"comment_status":"closed","ping_status":"closed","template":"page-templates\/content-sidebar-page.php","meta":[],"yoast_head":"<!-- This site is optimized with the Yoast SEO plugin v19.9 - https:\/\/yoast.com\/wordpress\/plugins\/seo\/ -->\n<title>Zarzadzanie Talentami - PeORG<\/title>\n<meta name=\"description\" content=\"PeORG Consult specjalizuje si\u0119 we wdrazaniu program\u00f3w rozwojowych dla kadry menedzerskiej. Korzystamy ze sprawdzonych metod oceny potencjalu menedzerskiego.\" \/>\n<meta name=\"robots\" content=\"index, follow, max-snippet:-1, max-image-preview:large, max-video-preview:-1\" \/>\n<link rel=\"canonical\" href=\"https:\/\/peorg-consult.com\/pl\/solutions\/talent-management\/\" \/>\n<meta property=\"og:locale\" content=\"en_US\" \/>\n<meta property=\"og:type\" content=\"article\" \/>\n<meta property=\"og:title\" content=\"Zarzadzanie Talentami - PeORG\" \/>\n<meta property=\"og:description\" content=\"PeORG Consult specjalizuje si\u0119 we wdrazaniu program\u00f3w rozwojowych dla kadry menedzerskiej. Korzystamy ze sprawdzonych metod oceny potencjalu menedzerskiego.\" \/>\n<meta property=\"og:url\" content=\"https:\/\/peorg-consult.com\/pl\/solutions\/talent-management\/\" \/>\n<meta property=\"og:site_name\" content=\"PeORG\" \/>\n<meta property=\"article:modified_time\" content=\"2019-09-23T14:07:31+00:00\" \/>\n<meta property=\"og:image\" content=\"https:\/\/peorg-consult.com\/wp-content\/uploads\/TRAINING.png\" \/>\n<meta name=\"twitter:card\" content=\"summary_large_image\" \/>\n<meta name=\"twitter:label1\" content=\"Est. reading time\" \/>\n\t<meta name=\"twitter:data1\" content=\"1 minute\" \/>\n<script type=\"application\/ld+json\" class=\"yoast-schema-graph\">{\"@context\":\"https:\/\/schema.org\",\"@graph\":[{\"@type\":\"WebPage\",\"@id\":\"https:\/\/peorg-consult.com\/pl\/solutions\/talent-management\/\",\"url\":\"https:\/\/peorg-consult.com\/pl\/solutions\/talent-management\/\",\"name\":\"Zarzadzanie Talentami - PeORG\",\"isPartOf\":{\"@id\":\"https:\/\/peorg-consult.com\/pl\/#website\"},\"datePublished\":\"2019-02-24T22:06:48+00:00\",\"dateModified\":\"2019-09-23T14:07:31+00:00\",\"description\":\"PeORG Consult specjalizuje si\u0119 we wdrazaniu program\u00f3w rozwojowych dla kadry menedzerskiej. Korzystamy ze sprawdzonych metod oceny potencjalu menedzerskiego.\",\"breadcrumb\":{\"@id\":\"https:\/\/peorg-consult.com\/pl\/solutions\/talent-management\/#breadcrumb\"},\"inLanguage\":\"en-US\",\"potentialAction\":[{\"@type\":\"ReadAction\",\"target\":[\"https:\/\/peorg-consult.com\/pl\/solutions\/talent-management\/\"]}]},{\"@type\":\"BreadcrumbList\",\"@id\":\"https:\/\/peorg-consult.com\/pl\/solutions\/talent-management\/#breadcrumb\",\"itemListElement\":[{\"@type\":\"ListItem\",\"position\":1,\"name\":\"Home\",\"item\":\"https:\/\/peorg-consult.com\/pl\/\"},{\"@type\":\"ListItem\",\"position\":2,\"name\":\"SOLUTIONS\",\"item\":\"https:\/\/peorg-consult.com\/pl\/solutions\/\"},{\"@type\":\"ListItem\",\"position\":3,\"name\":\"Talent Management\"}]},{\"@type\":\"WebSite\",\"@id\":\"https:\/\/peorg-consult.com\/pl\/#website\",\"url\":\"https:\/\/peorg-consult.com\/pl\/\",\"name\":\"PeORG\",\"description\":\"PEOPLE IN ORGANISATIONS\",\"potentialAction\":[{\"@type\":\"SearchAction\",\"target\":{\"@type\":\"EntryPoint\",\"urlTemplate\":\"https:\/\/peorg-consult.com\/pl\/?s={search_term_string}\"},\"query-input\":\"required name=search_term_string\"}],\"inLanguage\":\"en-US\"}]}<\/script>\n<!-- \/ Yoast SEO plugin. -->","yoast_head_json":{"title":"Zarzadzanie Talentami - PeORG","description":"PeORG Consult specjalizuje si\u0119 we wdrazaniu program\u00f3w rozwojowych dla kadry menedzerskiej. Korzystamy ze sprawdzonych metod oceny potencjalu menedzerskiego.","robots":{"index":"index","follow":"follow","max-snippet":"max-snippet:-1","max-image-preview":"max-image-preview:large","max-video-preview":"max-video-preview:-1"},"canonical":"https:\/\/peorg-consult.com\/pl\/solutions\/talent-management\/","og_locale":"en_US","og_type":"article","og_title":"Zarzadzanie Talentami - PeORG","og_description":"PeORG Consult specjalizuje si\u0119 we wdrazaniu program\u00f3w rozwojowych dla kadry menedzerskiej. Korzystamy ze sprawdzonych metod oceny potencjalu menedzerskiego.","og_url":"https:\/\/peorg-consult.com\/pl\/solutions\/talent-management\/","og_site_name":"PeORG","article_modified_time":"2019-09-23T14:07:31+00:00","og_image":[{"url":"https:\/\/peorg-consult.com\/wp-content\/uploads\/TRAINING.png"}],"twitter_card":"summary_large_image","twitter_misc":{"Est. reading time":"1 minute"},"schema":{"@context":"https:\/\/schema.org","@graph":[{"@type":"WebPage","@id":"https:\/\/peorg-consult.com\/pl\/solutions\/talent-management\/","url":"https:\/\/peorg-consult.com\/pl\/solutions\/talent-management\/","name":"Zarzadzanie Talentami - PeORG","isPartOf":{"@id":"https:\/\/peorg-consult.com\/pl\/#website"},"datePublished":"2019-02-24T22:06:48+00:00","dateModified":"2019-09-23T14:07:31+00:00","description":"PeORG Consult specjalizuje si\u0119 we wdrazaniu program\u00f3w rozwojowych dla kadry menedzerskiej. Korzystamy ze sprawdzonych metod oceny potencjalu menedzerskiego.","breadcrumb":{"@id":"https:\/\/peorg-consult.com\/pl\/solutions\/talent-management\/#breadcrumb"},"inLanguage":"en-US","potentialAction":[{"@type":"ReadAction","target":["https:\/\/peorg-consult.com\/pl\/solutions\/talent-management\/"]}]},{"@type":"BreadcrumbList","@id":"https:\/\/peorg-consult.com\/pl\/solutions\/talent-management\/#breadcrumb","itemListElement":[{"@type":"ListItem","position":1,"name":"Home","item":"https:\/\/peorg-consult.com\/pl\/"},{"@type":"ListItem","position":2,"name":"SOLUTIONS","item":"https:\/\/peorg-consult.com\/pl\/solutions\/"},{"@type":"ListItem","position":3,"name":"Talent Management"}]},{"@type":"WebSite","@id":"https:\/\/peorg-consult.com\/pl\/#website","url":"https:\/\/peorg-consult.com\/pl\/","name":"PeORG","description":"PEOPLE IN ORGANISATIONS","potentialAction":[{"@type":"SearchAction","target":{"@type":"EntryPoint","urlTemplate":"https:\/\/peorg-consult.com\/pl\/?s={search_term_string}"},"query-input":"required name=search_term_string"}],"inLanguage":"en-US"}]}},"_links":{"self":[{"href":"https:\/\/peorg-consult.com\/pl\/wp-json\/wp\/v2\/pages\/45"}],"collection":[{"href":"https:\/\/peorg-consult.com\/pl\/wp-json\/wp\/v2\/pages"}],"about":[{"href":"https:\/\/peorg-consult.com\/pl\/wp-json\/wp\/v2\/types\/page"}],"author":[{"embeddable":true,"href":"https:\/\/peorg-consult.com\/pl\/wp-json\/wp\/v2\/users\/1"}],"replies":[{"embeddable":true,"href":"https:\/\/peorg-consult.com\/pl\/wp-json\/wp\/v2\/comments?post=45"}],"version-history":[{"count":4,"href":"https:\/\/peorg-consult.com\/pl\/wp-json\/wp\/v2\/pages\/45\/revisions"}],"predecessor-version":[{"id":245,"href":"https:\/\/peorg-consult.com\/pl\/wp-json\/wp\/v2\/pages\/45\/revisions\/245"}],"up":[{"embeddable":true,"href":"https:\/\/peorg-consult.com\/pl\/wp-json\/wp\/v2\/pages\/23"}],"wp:attachment":[{"href":"https:\/\/peorg-consult.com\/pl\/wp-json\/wp\/v2\/media?parent=45"}],"curies":[{"name":"wp","href":"https:\/\/api.w.org\/{rel}","templated":true}]}}